{"id":1679,"date":"2025-05-02T10:14:52","date_gmt":"2025-05-02T08:14:52","guid":{"rendered":"https:\/\/greenmix.fr\/?page_id=1679"},"modified":"2025-08-13T14:57:27","modified_gmt":"2025-08-13T12:57:27","slug":"ecobunker","status":"publish","type":"page","link":"https:\/\/greenmix.fr\/index.php\/ecobunker\/","title":{"rendered":"Eco Bunker Advanced"},"content":{"rendered":"<p>[et_pb_section fb_built=\u00a0\u00bb1&Prime; _builder_version=\u00a0\u00bb4.27.4&Prime; _module_preset=\u00a0\u00bbdefault\u00a0\u00bb custom_padding=\u00a0\u00bb0px||1px|||\u00a0\u00bb global_colors_info=\u00a0\u00bb{}\u00a0\u00bb][et_pb_row _builder_version=\u00a0\u00bb4.27.4&Prime; _module_preset=\u00a0\u00bbdefault\u00a0\u00bb width=\u00a0\u00bb100%\u00a0\u00bb custom_padding=\u00a0\u00bb1px||13px|||\u00a0\u00bb global_colors_info=\u00a0\u00bb{}\u00a0\u00bb][et_pb_column type=\u00a0\u00bb4_4&Prime; _builder_version=\u00a0\u00bb4.27.4&Prime; _module_preset=\u00a0\u00bbdefault\u00a0\u00bb global_colors_info=\u00a0\u00bb{}\u00a0\u00bb][et_pb_image src=\u00a0\u00bbhttp:\/\/greenmix.fr\/wp-content\/uploads\/2025\/05\/Capture-decran-2025-05-02-a-10.16.22-scaled.png\u00a0\u00bb alt=\u00a0\u00bbecobunker\u00a0\u00bb title_text=\u00a0\u00bbCapture d\u2019e\u0301cran 2025-05-02 a\u0300 10.16.22&Prime; _builder_version=\u00a0\u00bb4.27.4&Prime; _module_preset=\u00a0\u00bbdefault\u00a0\u00bb background_image=\u00a0\u00bbhttp:\/\/greenmix.fr\/wp-content\/uploads\/2025\/04\/Capture-decran-2025-04-28-a-14.56.59-scaled.png\u00a0\u00bb global_colors_info=\u00a0\u00bb{}\u00a0\u00bb][\/et_pb_image][\/et_pb_column][\/et_pb_row][\/et_pb_section][et_pb_section fb_built=\u00a0\u00bb1&Prime; _builder_version=\u00a0\u00bb4.27.4&Prime; _module_preset=\u00a0\u00bbdefault\u00a0\u00bb custom_padding=\u00a0\u00bb4px||3px|||\u00a0\u00bb global_colors_info=\u00a0\u00bb{}\u00a0\u00bb][et_pb_row _builder_version=\u00a0\u00bb4.27.4&Prime; _module_preset=\u00a0\u00bbdefault\u00a0\u00bb custom_padding=\u00a0\u00bb6px||5px|||\u00a0\u00bb global_colors_info=\u00a0\u00bb{}\u00a0\u00bb][et_pb_column type=\u00a0\u00bb4_4&Prime; _builder_version=\u00a0\u00bb4.27.4&Prime; _module_preset=\u00a0\u00bbdefault\u00a0\u00bb global_colors_info=\u00a0\u00bb{}\u00a0\u00bb][et_pb_text _builder_version=\u00a0\u00bb4.27.4&Prime; _module_preset=\u00a0\u00bbdefault\u00a0\u00bb global_colors_info=\u00a0\u00bb{}\u00a0\u00bb]<\/p>\n<h2 style=\"text-align: center; color: #1e5631; letter-spacing: 2px; font-weight: bold;\">ECOBUNKER ADVANCED<\/h2>\n<hr style=\"width: 50px; border: 2px solid #1E5631; font-weight: bold; margin: auto;\" \/>[\/et_pb_text][\/et_pb_column][\/et_pb_row][\/et_pb_section][et_pb_section fb_built=\u00a0\u00bb1&Prime; _builder_version=\u00a0\u00bb4.27.4&Prime; _module_preset=\u00a0\u00bbdefault\u00a0\u00bb custom_margin=\u00a0\u00bb-11px|||||\u00a0\u00bb custom_padding=\u00a0\u00bb3px||1px|||\u00a0\u00bb global_colors_info=\u00a0\u00bb{}\u00a0\u00bb][et_pb_row column_structure=\u00a0\u00bb1_2,1_2&Prime; _builder_version=\u00a0\u00bb4.27.4&Prime; _module_preset=\u00a0\u00bbdefault\u00a0\u00bb global_colors_info=\u00a0\u00bb{}\u00a0\u00bb][et_pb_column type=\u00a0\u00bb1_2&Prime; _builder_version=\u00a0\u00bb4.27.4&Prime; _module_preset=\u00a0\u00bbdefault\u00a0\u00bb global_colors_info=\u00a0\u00bb{}\u00a0\u00bb][et_pb_text _builder_version=\u00a0\u00bb4.27.4&Prime; _module_preset=\u00a0\u00bbdefault\u00a0\u00bb hover_enabled=\u00a0\u00bb0&Prime; custom_css_free_form=\u00a0\u00bb||||.ecobunker-colonne {||  font-family: &lsquo;Montserrat&rsquo;, sans-serif;||  font-size: 16px;||  line-height: 1.7;||  color: #6a6a6a;||}||||.ecobunker-colonne h3 {||  font-size: 20px;||  font-weight: 600;||  margin-bottom: 10px;||  color: #1e5631;||}||||.ecobunker-colonne strong.green {||  font-weight: 700;||  color: #1e5631;||}||||.ecobunker-colonne .link {||  color: #1e90ff;||  font-weight: 500;||}||||.lightbox {||  background-color: #f6f6f6;||  padding: 30px;||  border-radius: 8px;||}||\u00a0\u00bb global_colors_info=\u00a0\u00bb{}\u00a0\u00bb sticky_enabled=\u00a0\u00bb0&Prime;]<\/p>\n<div class=\"ecobunker-colonne\">\n<h3 style=\"text-align: justify;\">Bunkers de golf synth\u00e9tiques de deuxi\u00e8me g\u00e9n\u00e9ration issus du premier au monde.<\/h3>\n<p style=\"text-align: justify;\"><em>*Ce produit est en cours de <strong>d\u00e9p\u00f4t de brevet<\/strong>.<\/em><\/p>\n<p style=\"text-align: justify;\">EcoBunker Advanced est la m\u00e9thode la plus solide et la plus efficace pour construire des murs empil\u00e9s en plaques de gazon synth\u00e9tique. Cette m\u00e9thode a \u00e9t\u00e9 invent\u00e9e et d\u00e9velopp\u00e9e exclusivement par Richard Allen et est disponible uniquement aupr\u00e8s d\u2019EcoBunker Ltd et de ses partenaires dans le monde entier.<\/p>\n<p style=\"text-align: justify;\"><strong class=\"green\">Si la version originale \u00e9tait bonne, EcoBunker Advanced est encore meilleure. Pourquoi ?<\/strong><\/p>\n<p style=\"text-align: justify;\">EcoBunker Advanced n\u2019est pas une structure de type gravit\u00e9. Il fonctionne comme un mur en porte-\u00e0-faux, reconnu par tous les ing\u00e9nieurs civils comme une m\u00e9thode de construction plus efficace.<\/p>\n<p><strong class=\"green\">Le sch\u00e9ma ci-dessous montre une coupe typique \u00e0 travers le mur. <\/p>\n<p><\/strong> Les plaques sont disponibles en deux tailles : des plaques de fa\u00e7ade plus \u00e9troites et des plaques d\u2019ancrage plus larges. Les plaques d\u2019ancrage assurent une liaison structurelle entre la fa\u00e7ade et le remblai de sol modifi\u00e9 au ciment situ\u00e9 derri\u00e8re. Contrairement \u00e0 l\u2019option du mur gravitaire original, la stabilit\u00e9 structurelle est assur\u00e9e par la combinaison des plaques synth\u00e9tiques et du sol modifi\u00e9 au ciment \u00e0 l\u2019arri\u00e8re.<\/p>\n<\/div>\n<p>[\/et_pb_text][\/et_pb_column][et_pb_column type=\u00a0\u00bb1_2&Prime; _builder_version=\u00a0\u00bb4.27.4&Prime; _module_preset=\u00a0\u00bbdefault\u00a0\u00bb global_colors_info=\u00a0\u00bb{}\u00a0\u00bb][et_pb_text _builder_version=\u00a0\u00bb4.27.4&Prime; _module_preset=\u00a0\u00bbdefault\u00a0\u00bb background_color=\u00a0\u00bbrgba(0,0,0,0.03)\u00a0\u00bb hover_enabled=\u00a0\u00bb0&Prime; custom_css_free_form=\u00a0\u00bb.ecobunker-colonne {||  font-family: &lsquo;Montserrat&rsquo;, sans-serif;||  font-size: 16px;||  line-height: 1.7;||  color: #6a6a6a;||}||||.ecobunker-colonne h3 {||  font-size: 20px;||  font-weight: 600;||  margin-bottom: 10px;||  color: #1e5631;||}||||.ecobunker-colonne strong.green {||  font-weight: 700;||  color: #1e5631;||}||||.ecobunker-colonne .link {||  color: #1e90ff;||  font-weight: 500;||}||||.lightbox {||  background-color: #f6f6f6;||  padding: 30px;||  border-radius: 8px;||}||\u00a0\u00bb global_colors_info=\u00a0\u00bb{}\u00a0\u00bb sticky_enabled=\u00a0\u00bb0&Prime;]<\/p>\n<div class=\"ecobunker-colonne lightbox\" style=\"text-align: justify;\">\n<h3>Avantages cl\u00e9s<\/h3>\n<p><strong class=\"green\">Syst\u00e8me de conception en porte-\u00e0-faux<\/strong><br \/>\nPermet une utilisation plus efficace des mat\u00e9riaux.<\/p>\n<p><strong class=\"green\">Plus large gamme d\u2019options de conception<\/strong><br \/>\nRendue possible gr\u00e2ce \u00e0 la capacit\u00e9 de construire des murs plus hauts et plus raides. Cliquez ici pour acc\u00e9der \u00e0 un calculateur de mur pratique.<\/p>\n<p><strong class=\"green\">Co\u00fbts de transport consid\u00e9rablement r\u00e9duits<\/strong><br \/>\nIl s\u2019agit d\u2019un produit lourd et volumineux. Les co\u00fbts de transport d\u2019EcoBunker Advanced sont g\u00e9n\u00e9ralement inf\u00e9rieurs de 38 %.<\/p>\n<p><strong class=\"green\">Capacit\u00e9 portante accidentelle<\/strong><br \/>\nIl est d\u00e9conseill\u00e9 de faire circuler des engins lourds pr\u00e8s du bord d\u2019un bunker, mais dans ce cas, EcoBunker Advanced offre un facteur de s\u00e9curit\u00e9 suppl\u00e9mentaire.<\/p>\n<p><strong class=\"green\">Rigidit\u00e9 am\u00e9lior\u00e9e<\/strong><br \/>\nCela apporte une r\u00e9sistance suppl\u00e9mentaire face \u00e0 de l\u00e9gers mouvements du sol pouvant provoquer un bombement.<\/p>\n<p style=\"text-align: justify;\">\n<strong class=\"green\">Meilleures performances dans les climats froids<\/strong><br \/>\nDes tests en laboratoire approfondis, r\u00e9alis\u00e9s par la Portland Cement Association, ont prouv\u00e9 que le remblai CMS continue \u00e0 gagner en r\u00e9sistance apr\u00e8s plusieurs cycles gel-d\u00e9gel. De plus, l\u2019hydratation li\u00e9e \u00e0 la prise r\u00e9duit la teneur en humidit\u00e9 et limite ainsi le risque de soul\u00e8vement d\u00fb au gel.\n<\/p>\n<\/div>\n<p>[\/et_pb_text][\/et_pb_column][\/et_pb_row][\/et_pb_section][et_pb_section fb_built=\u00a0\u00bb1&Prime; _builder_version=\u00a0\u00bb4.27.4&Prime; _module_preset=\u00a0\u00bbdefault\u00a0\u00bb custom_padding=\u00a0\u00bb10px||2px|||\u00a0\u00bb global_colors_info=\u00a0\u00bb{}\u00a0\u00bb][et_pb_row _builder_version=\u00a0\u00bb4.27.4&Prime; _module_preset=\u00a0\u00bbdefault\u00a0\u00bb global_colors_info=\u00a0\u00bb{}\u00a0\u00bb][et_pb_column type=\u00a0\u00bb4_4&Prime; _builder_version=\u00a0\u00bb4.27.4&Prime; _module_preset=\u00a0\u00bbdefault\u00a0\u00bb global_colors_info=\u00a0\u00bb{}\u00a0\u00bb][et_pb_image src=\u00a0\u00bbhttp:\/\/greenmix.fr\/wp-content\/uploads\/2021\/06\/ecobunker.jpg\u00a0\u00bb alt=\u00a0\u00bbecobunker\u00a0\u00bb title_text=\u00a0\u00bbecobunker\u00a0\u00bb _builder_version=\u00a0\u00bb4.27.4&Prime; _module_preset=\u00a0\u00bbdefault\u00a0\u00bb global_colors_info=\u00a0\u00bb{}\u00a0\u00bb][\/et_pb_image][\/et_pb_column][\/et_pb_row][\/et_pb_section][et_pb_section fb_built=\u00a0\u00bb1&Prime; _builder_version=\u00a0\u00bb4.27.4&Prime; _module_preset=\u00a0\u00bbdefault\u00a0\u00bb custom_padding=\u00a0\u00bb0px||4px|||\u00a0\u00bb global_colors_info=\u00a0\u00bb{}\u00a0\u00bb][et_pb_row _builder_version=\u00a0\u00bb4.27.4&Prime; _module_preset=\u00a0\u00bbdefault\u00a0\u00bb custom_padding=\u00a0\u00bb0px|||||\u00a0\u00bb global_colors_info=\u00a0\u00bb{}\u00a0\u00bb][et_pb_column type=\u00a0\u00bb4_4&Prime; _builder_version=\u00a0\u00bb4.27.4&Prime; _module_preset=\u00a0\u00bbdefault\u00a0\u00bb global_colors_info=\u00a0\u00bb{}\u00a0\u00bb][et_pb_image src=\u00a0\u00bbhttp:\/\/greenmix.fr\/wp-content\/uploads\/2025\/05\/Capture-decran-2025-05-02-a-10.55.01.png\u00a0\u00bb alt=\u00a0\u00bbmicrophone\u00a0\u00bb title_text=\u00a0\u00bbmicrophone\u00a0\u00bb show_bottom_space=\u00a0\u00bboff\u00a0\u00bb align=\u00a0\u00bbcenter\u00a0\u00bb _builder_version=\u00a0\u00bb4.27.4&Prime; _module_preset=\u00a0\u00bbdefault\u00a0\u00bb z_index=\u00a0\u00bb10&Prime; max_height=\u00a0\u00bb100px\u00a0\u00bb custom_margin=\u00a0\u00bb||-106px||false|false\u00a0\u00bb custom_padding=\u00a0\u00bb6px||0px||false|false\u00a0\u00bb border_color_all=\u00a0\u00bb#FFFFFF\u00a0\u00bb global_colors_info=\u00a0\u00bb{}\u00a0\u00bb][\/et_pb_image][et_pb_code _builder_version=\u00a0\u00bb4.27.4&Prime; _module_preset=\u00a0\u00bbdefault\u00a0\u00bb custom_padding=\u00a0\u00bb0px|||||\u00a0\u00bb hover_enabled=\u00a0\u00bb0&Prime; custom_css_free_form=\u00a0\u00bb.testimonial-box {||  border: 2px solid #8e8b96;||  padding: 40px 20px;||  text-align: center;||  position: relative;||  margin-top: 80px;||}||||.testimonial-icon {||  width: 70px;||  height: 70px;||  background-color: #8e8b96;||  color: white;||  font-size: 32px;||  line-height: 70px;||  text-align: center;||  margin: -70px auto 20px;||}||||.testimonial-author {||  font-size: 20px;||  font-weight: 700;||  color: #8e8b96;||  margin-bottom: 20px;||  text-transform: uppercase;||}||||.testimonial-text {||  font-size: 18px;||  color: #8e8b96;||  margin: 0 auto;||  max-width: 900px;||}||\u00a0\u00bb global_colors_info=\u00a0\u00bb{}\u00a0\u00bb sticky_enabled=\u00a0\u00bb0&Prime;]<\/p>\n<div class=\"testimonial-box\"><!-- [et_pb_line_break_holder] -->  <\/p>\n<div class=\"testimonial-author\"><!-- [et_pb_line_break_holder] -->    JON SCOTT, ANCIEN VICE-PR\u00c9SIDENT ET DIRECTEUR DE L\u2019AGRONOMIE<!-- [et_pb_line_break_holder] -->  <\/div>\n<p><!-- [et_pb_line_break_holder] -->  <\/p>\n<div class=\"testimonial-text\"><!-- [et_pb_line_break_holder] -->    Vous avez un excellent produit. J\u2019encourage les autres \u00e0 bien se pencher sur ce qu\u2019il peut leur apporter.<!-- [et_pb_line_break_holder] -->  <\/div>\n<p><!-- [et_pb_line_break_holder] --><\/div>\n<p><!-- [et_pb_line_break_holder] -->[\/et_pb_code][\/et_pb_column][\/et_pb_row][\/et_pb_section][et_pb_section fb_built=\u00a0\u00bb1&Prime; _builder_version=\u00a0\u00bb4.27.4&Prime; _module_preset=\u00a0\u00bbdefault\u00a0\u00bb custom_padding=\u00a0\u00bb4px||3px|||\u00a0\u00bb global_colors_info=\u00a0\u00bb{}\u00a0\u00bb][et_pb_row column_structure=\u00a0\u00bb1_2,1_2&Prime; _builder_version=\u00a0\u00bb4.27.4&Prime; _module_preset=\u00a0\u00bbdefault\u00a0\u00bb custom_padding=\u00a0\u00bb||0px|||\u00a0\u00bb global_colors_info=\u00a0\u00bb{}\u00a0\u00bb][et_pb_column type=\u00a0\u00bb1_2&Prime; _builder_version=\u00a0\u00bb4.27.4&Prime; _module_preset=\u00a0\u00bbdefault\u00a0\u00bb global_colors_info=\u00a0\u00bb{}\u00a0\u00bb][et_pb_text _builder_version=\u00a0\u00bb4.27.4&Prime; _module_preset=\u00a0\u00bbdefault\u00a0\u00bb hover_enabled=\u00a0\u00bb0&Prime; custom_css_free_form=\u00a0\u00bb.benefits-section {||  color: #7f7c88;||  font-family: &lsquo;Montserrat&rsquo;, sans-serif;||  font-size: 16px;||  line-height: 1.6;||  max-width: 800px;||  margin: 0 auto;||}||||.benefits-section .lead-text {||  margin-bottom: 20px;||}||||.benefits-list {||  list-style-type: disc;||  padding-left: 20px;||  margin: 0;||}||||.benefits-list li {||  margin-bottom: 10px;||}||\u00a0\u00bb global_colors_info=\u00a0\u00bb{}\u00a0\u00bb sticky_enabled=\u00a0\u00bb0&Prime;]<\/p>\n<div class=\"benefits-section\">\n<p class=\"lead-text\" style=\"text-align: justify;\">EcoBunker Advanced offre la m\u00eame rapidit\u00e9 de construction et la m\u00eame esth\u00e9tique soign\u00e9e que la m\u00e9thode originale, tout en apportant les avantages suppl\u00e9mentaires suivants :<\/p>\n<ul class=\"benefits-list\">\n<li>Augmentation de 36 % de la stabilit\u00e9 structurelle<\/li>\n<li>R\u00e9duction de 38 % des co\u00fbts de transport<\/li>\n<li>Rigidit\u00e9 am\u00e9lior\u00e9e, r\u00e9duisant le risque de bombement<\/li>\n<\/ul>\n<\/div>\n<p>[\/et_pb_text][et_pb_image src=\u00a0\u00bbhttps:\/\/greenmix.fr\/wp-content\/uploads\/2025\/08\/output.png\u00a0\u00bb alt=\u00a0\u00bbdiagramme ecobunker\u00a0\u00bb title_text=\u00a0\u00bbdiagramme\u00a0\u00bb _builder_version=\u00a0\u00bb4.27.4&Prime; _module_preset=\u00a0\u00bbdefault\u00a0\u00bb height=\u00a0\u00bb331px\u00a0\u00bb hover_enabled=\u00a0\u00bb0&Prime; global_colors_info=\u00a0\u00bb{}\u00a0\u00bb max_width__hover_enabled=\u00a0\u00bboff|desktop\u00a0\u00bb sticky_enabled=\u00a0\u00bb0&Prime;][\/et_pb_image][\/et_pb_column][et_pb_column type=\u00a0\u00bb1_2&Prime; _builder_version=\u00a0\u00bb4.27.4&Prime; _module_preset=\u00a0\u00bbdefault\u00a0\u00bb global_colors_info=\u00a0\u00bb{}\u00a0\u00bb][et_pb_image src=\u00a0\u00bbhttp:\/\/greenmix.fr\/wp-content\/uploads\/2021\/06\/Ecobunker-Advanced-Splash-1.jpg\u00a0\u00bb alt=\u00a0\u00bbgolf avec joueurs\u00a0\u00bb title_text=\u00a0\u00bbEcobunker-Advanced-Splash-1&Prime; _builder_version=\u00a0\u00bb4.27.4&Prime; _module_preset=\u00a0\u00bbdefault\u00a0\u00bb global_colors_info=\u00a0\u00bb{}\u00a0\u00bb][\/et_pb_image][\/et_pb_column][\/et_pb_row][\/et_pb_section][et_pb_section fb_built=\u00a0\u00bb1&Prime; _builder_version=\u00a0\u00bb4.27.4&Prime; _module_preset=\u00a0\u00bbdefault\u00a0\u00bb custom_padding=\u00a0\u00bb4px||3px|||\u00a0\u00bb global_colors_info=\u00a0\u00bb{}\u00a0\u00bb][et_pb_row _builder_version=\u00a0\u00bb4.27.4&Prime; _module_preset=\u00a0\u00bbdefault\u00a0\u00bb global_colors_info=\u00a0\u00bb{}\u00a0\u00bb][et_pb_column type=\u00a0\u00bb4_4&Prime; _builder_version=\u00a0\u00bb4.27.4&Prime; _module_preset=\u00a0\u00bbdefault\u00a0\u00bb global_colors_info=\u00a0\u00bb{}\u00a0\u00bb][et_pb_text _builder_version=\u00a0\u00bb4.27.4&Prime; _module_preset=\u00a0\u00bbdefault\u00a0\u00bb global_colors_info=\u00a0\u00bb{}\u00a0\u00bb]<\/p>\n<h2 style=\"text-align: center; color: #1e5631; letter-spacing: 2px; font-weight: bold;\">EN SAVOIR PLUS<\/h2>\n<hr style=\"width: 50px; border: 2px solid #1E5631; font-weight: bold; margin: auto;\" \/>[\/et_pb_text][et_pb_button button_url=\u00a0\u00bbhttps:\/\/greenmix.fr\/index.php\/contact\/\u00a0\u00bb button_text=\u00a0\u00bbCONTACTEZ-NOUS\u00a0\u00bb button_alignment=\u00a0\u00bbcenter\u00a0\u00bb _builder_version=\u00a0\u00bb4.27.4&Prime; _module_preset=\u00a0\u00bbdefault\u00a0\u00bb custom_button=\u00a0\u00bbon\u00a0\u00bb button_text_size=\u00a0\u00bb18px\u00a0\u00bb button_text_color=\u00a0\u00bb#1e5631&Prime; button_icon=\u00a0\u00bb&#x76;||divi||400&Prime; button_icon_color=\u00a0\u00bb#1e5631&Prime; button_icon_placement=\u00a0\u00bbleft\u00a0\u00bb button_on_hover=\u00a0\u00bboff\u00a0\u00bb global_colors_info=\u00a0\u00bb{}\u00a0\u00bb][\/et_pb_button][\/et_pb_column][\/et_pb_row][\/et_pb_section]<\/p>\n","protected":false},"excerpt":{"rendered":"<p>ECOBUNKER ADVANCED Bunkers de golf synth\u00e9tiques de deuxi\u00e8me g\u00e9n\u00e9ration issus du premier au monde. *Ce produit est en cours de d\u00e9p\u00f4t de brevet. EcoBunker Advanced est la m\u00e9thode la plus solide et la plus efficace pour construire des murs empil\u00e9s en plaques de gazon synth\u00e9tique. Cette m\u00e9thode a \u00e9t\u00e9 invent\u00e9e et d\u00e9velopp\u00e9e exclusivement par Richard [&hellip;]<\/p>\n","protected":false},"author":1,"featured_media":0,"parent":0,"menu_order":0,"comment_status":"closed","ping_status":"closed","template":"","meta":{"_et_pb_use_builder":"on","_et_pb_old_content":"","_et_gb_content_width":"","footnotes":""},"class_list":["post-1679","page","type-page","status-publish","hentry"],"_links":{"self":[{"href":"https:\/\/greenmix.fr\/index.php\/wp-json\/wp\/v2\/pages\/1679","targetHints":{"allow":["GET"]}}],"collection":[{"href":"https:\/\/greenmix.fr\/index.php\/wp-json\/wp\/v2\/pages"}],"about":[{"href":"https:\/\/greenmix.fr\/index.php\/wp-json\/wp\/v2\/types\/page"}],"author":[{"embeddable":true,"href":"https:\/\/greenmix.fr\/index.php\/wp-json\/wp\/v2\/users\/1"}],"replies":[{"embeddable":true,"href":"https:\/\/greenmix.fr\/index.php\/wp-json\/wp\/v2\/comments?post=1679"}],"version-history":[{"count":14,"href":"https:\/\/greenmix.fr\/index.php\/wp-json\/wp\/v2\/pages\/1679\/revisions"}],"predecessor-version":[{"id":1991,"href":"https:\/\/greenmix.fr\/index.php\/wp-json\/wp\/v2\/pages\/1679\/revisions\/1991"}],"wp:attachment":[{"href":"https:\/\/greenmix.fr\/index.php\/wp-json\/wp\/v2\/media?parent=1679"}],"curies":[{"name":"wp","href":"https:\/\/api.w.org\/{rel}","templated":true}]}}