{"id":1721,"date":"2025-05-06T12:17:45","date_gmt":"2025-05-06T10:17:45","guid":{"rendered":"https:\/\/greenmix.fr\/?page_id=1721"},"modified":"2025-08-07T15:32:07","modified_gmt":"2025-08-07T13:32:07","slug":"southwest-greens","status":"publish","type":"page","link":"https:\/\/greenmix.fr\/index.php\/southwest-greens\/","title":{"rendered":"SouthWest Greens"},"content":{"rendered":"<p>[et_pb_section fb_built=\u00a0\u00bb1&Prime; _builder_version=\u00a0\u00bb4.27.4&Prime; _module_preset=\u00a0\u00bbdefault\u00a0\u00bb custom_padding=\u00a0\u00bb0px||25px|||\u00a0\u00bb global_colors_info=\u00a0\u00bb{}\u00a0\u00bb][et_pb_row _builder_version=\u00a0\u00bb4.27.4&Prime; _module_preset=\u00a0\u00bbdefault\u00a0\u00bb custom_padding=\u00a0\u00bb0px|||||\u00a0\u00bb hover_enabled=\u00a0\u00bb0&Prime; global_colors_info=\u00a0\u00bb{}\u00a0\u00bb width=\u00a0\u00bb100%\u00a0\u00bb max_width=\u00a0\u00bb100%\u00a0\u00bb sticky_enabled=\u00a0\u00bb0&Prime;][et_pb_column type=\u00a0\u00bb4_4&Prime; _builder_version=\u00a0\u00bb4.27.4&Prime; _module_preset=\u00a0\u00bbdefault\u00a0\u00bb global_colors_info=\u00a0\u00bb{}\u00a0\u00bb][et_pb_image src=\u00a0\u00bbhttp:\/\/greenmix.fr\/wp-content\/uploads\/2025\/05\/Capture-decran-2025-05-06-a-12.19.55-scaled.png\u00a0\u00bb alt=\u00a0\u00bbSouthwest Greens\u00a0\u00bb title_text=\u00a0\u00bbSouthwest Greens\u00a0\u00bb _builder_version=\u00a0\u00bb4.27.4&Prime; _module_preset=\u00a0\u00bbdefault\u00a0\u00bb background_image=\u00a0\u00bbhttp:\/\/greenmix.fr\/wp-content\/uploads\/2025\/04\/Capture-decran-2025-04-28-a-14.56.59-scaled.png\u00a0\u00bb global_colors_info=\u00a0\u00bb{}\u00a0\u00bb][\/et_pb_image][\/et_pb_column][\/et_pb_row][\/et_pb_section][et_pb_section fb_built=\u00a0\u00bb1&Prime; _builder_version=\u00a0\u00bb4.27.4&Prime; _module_preset=\u00a0\u00bbdefault\u00a0\u00bb custom_padding=\u00a0\u00bb4px||3px|||\u00a0\u00bb locked=\u00a0\u00bboff\u00a0\u00bb global_colors_info=\u00a0\u00bb{}\u00a0\u00bb][et_pb_row _builder_version=\u00a0\u00bb4.27.4&Prime; _module_preset=\u00a0\u00bbdefault\u00a0\u00bb custom_padding=\u00a0\u00bb3px||2px|||\u00a0\u00bb global_colors_info=\u00a0\u00bb{}\u00a0\u00bb][et_pb_column type=\u00a0\u00bb4_4&Prime; _builder_version=\u00a0\u00bb4.27.4&Prime; _module_preset=\u00a0\u00bbdefault\u00a0\u00bb global_colors_info=\u00a0\u00bb{}\u00a0\u00bb][et_pb_text _builder_version=\u00a0\u00bb4.27.4&Prime; _module_preset=\u00a0\u00bbdefault\u00a0\u00bb global_colors_info=\u00a0\u00bb{}\u00a0\u00bb]<\/p>\n<h2 style=\"text-align: center; color: #1e5631; letter-spacing: 2px; font-weight: bold;\">TEE SYSTEMS<\/h2>\n<hr style=\"width: 50px; border: 2px solid #1E5631; font-weight: bold; margin: auto;\" \/>[\/et_pb_text][et_pb_text _builder_version=\u00a0\u00bb4.27.4&Prime; _module_preset=\u00a0\u00bbdefault\u00a0\u00bb custom_margin=\u00a0\u00bb-50px||||false|false\u00a0\u00bb custom_padding=\u00a0\u00bb||0px||false|false\u00a0\u00bb hover_enabled=\u00a0\u00bb0&Prime; custom_css_free_form=\u00a0\u00bbp {||  font-family: &lsquo;Poppins&rsquo;, sans-serif;||  font-size: 16px;||  font-weight: 300; \/* plus l\u00e9ger *\/||  color: #5e5d6c;||  line-height: 1.7;||}||\u00a0\u00bb global_colors_info=\u00a0\u00bb{}\u00a0\u00bb sticky_enabled=\u00a0\u00bb0&Prime;]<\/p>\n<div class=\"container\" style=\"text-align: justify;\">\n<div class=\"vc_row wpb_row vc_row-fluid bg-parallax-parent none\">\n<div class=\"vc_col-sm-12 wpb_column vc_column_container \">\n<div class=\"wpb_wrapper\">\n<div class=\"wpb_text_column wpb_content_element \">\n<div class=\"wpb_wrapper\">\n<p style=\"color: #1e5631; font-weight: 400; font-size: 1.1rem; text-align: justify;\">Les lignes de d\u00e9part en gazon naturel peuvent \u00eatre extr\u00eamement frustrantes lorsque vous essayez de maintenir l\u2019esth\u00e9tique et les performances tout au long de l\u2019ann\u00e9e.<br \/>\n<br \/>Southwest Greens offrira \u00e0 vos membres et invit\u00e9s une surface de jeu en gazon synth\u00e9tique sur laquelle ils pourront jouer toute l\u2019ann\u00e9e.<\/p>\n<\/div>\n<\/div>\n<\/div>\n<\/div>\n<\/div>\n<\/div>\n<div class=\"container\" style=\"text-align: justify;\">\n<div class=\"vc_row wpb_row vc_row-fluid row-videos bg-parallax-parent none\">\n<div class=\"vc_col-sm-3 wpb_column vc_column_container \">\n<div class=\"wpb_wrapper\">\n<div class=\"wpb_text_column wpb_content_element \">\n<div class=\"wpb_wrapper\"><\/div>\n<\/div>\n<\/div>\n<\/div>\n<\/div>\n<\/div>\n<p>[\/et_pb_text][\/et_pb_column][\/et_pb_row][\/et_pb_section][et_pb_section fb_built=\u00a0\u00bb1&Prime; _builder_version=\u00a0\u00bb4.27.4&Prime; _module_preset=\u00a0\u00bbdefault\u00a0\u00bb custom_padding=\u00a0\u00bb3px||1px|||\u00a0\u00bb global_colors_info=\u00a0\u00bb{}\u00a0\u00bb][et_pb_row column_structure=\u00a0\u00bb1_2,1_2&Prime; _builder_version=\u00a0\u00bb4.27.4&Prime; _module_preset=\u00a0\u00bbdefault\u00a0\u00bb global_colors_info=\u00a0\u00bb{}\u00a0\u00bb custom_padding=\u00a0\u00bb5px||4px|||\u00a0\u00bb][et_pb_column type=\u00a0\u00bb1_2&Prime; _builder_version=\u00a0\u00bb4.27.4&Prime; _module_preset=\u00a0\u00bbdefault\u00a0\u00bb global_colors_info=\u00a0\u00bb{}\u00a0\u00bb][et_pb_text _builder_version=\u00a0\u00bb4.27.4&Prime; _module_preset=\u00a0\u00bbdefault\u00a0\u00bb custom_css_free_form=\u00a0\u00bb||||.ecobunker-colonne {||  font-family: &lsquo;Montserrat&rsquo;, sans-serif;||  font-size: 16px;||  line-height: 1.7;||  color: #6a6a6a;||}||||.ecobunker-colonne h3 {||  font-size: 20px;||  font-weight: 600;||  margin-bottom: 10px;||  color: #1e5631;||}||||.ecobunker-colonne strong.green {||  font-weight: 700;||  color: #1e5631;||}||||.ecobunker-colonne .link {||  color: #1e90ff;||  font-weight: 500;||}||||.lightbox {||  background-color: #f6f6f6;||  padding: 30px;||  border-radius: 8px;||}||\u00a0\u00bb global_colors_info=\u00a0\u00bb{}\u00a0\u00bb]<\/p>\n<div style=\"font-size: 16px; color: #777; line-height: 1.8;\">\n<p style=\"text-align: justify;\">Nos syst\u00e8mes d\u2019installation de lignes de d\u00e9part et de bo\u00eetes de d\u00e9part sont extr\u00eamement polyvalents,<br \/>le produit \u00e9tant parfait pour frapper tous les clubs du sac pendant les parcours d\u2019entra\u00eenement ou les le\u00e7ons de golf.<\/p>\n<p style=\"text-align: justify;\">Que ce soit en raison d\u2019un trafic \u00e9lev\u00e9, de la saisonnalit\u00e9 ou d\u2019un manque d\u2019ensoleillement direct,<br \/>l\u2019installation des syst\u00e8mes de tee Southwest Greens donnera \u00e0 votre installation une chance de se r\u00e9tablir<br \/>et d\u2019offrir \u00e0 vos invit\u00e9s une meilleure exp\u00e9rience.<\/p>\n<p style=\"text-align: justify;\">Les zones de tee peuvent \u00eatre entour\u00e9es d\u2019une frange synth\u00e9tique ou d\u2019autres options de bordure pour une protection suppl\u00e9mentaire<br \/>et peuvent \u00eatre int\u00e9gr\u00e9es pour une transition sans faille vers le gazon naturel.<br \/>Ce produit est \u00e9galement efficace pour les zones de d\u00e9part probl\u00e9matiques sur le terrain de golf.<\/p>\n<\/div>\n<p>[\/et_pb_text][\/et_pb_column][et_pb_column type=\u00a0\u00bb1_2&Prime; _builder_version=\u00a0\u00bb4.27.4&Prime; _module_preset=\u00a0\u00bbdefault\u00a0\u00bb global_colors_info=\u00a0\u00bb{}\u00a0\u00bb][et_pb_text _builder_version=\u00a0\u00bb4.27.4&Prime; _module_preset=\u00a0\u00bbdefault\u00a0\u00bb background_color=\u00a0\u00bbrgba(0,0,0,0.03)\u00a0\u00bb custom_css_free_form=\u00a0\u00bb.ecobunker-colonne {||  font-family: &lsquo;Montserrat&rsquo;, sans-serif;||  font-size: 16px;||  line-height: 1.7;||  color: #6a6a6a;||}||||.ecobunker-colonne h3 {||  font-size: 20px;||  font-weight: 600;||  margin-bottom: 10px;||  color: #1e5631;||}||||.ecobunker-colonne strong.green {||  font-weight: 700;||  color: #1e5631;||}||||.ecobunker-colonne .link {||  color: #1e90ff;||  font-weight: 500;||}||||.lightbox {||  background-color: #f6f6f6;||  padding: 30px;||  border-radius: 8px;||}||\u00a0\u00bb global_colors_info=\u00a0\u00bb{}\u00a0\u00bb]<\/p>\n<div style=\"background-color: #f5f5f5; padding: 30px; border-radius: 8px;\">\n<h4 style=\"color: #1b6239; font-size: 18px; margin-bottom: 15px;\">Les caract\u00e9ristiques<br \/>du syst\u00e8me<\/h4>\n<ul style=\"list-style-type: disc; padding-left: 20px; color: #555;\">\n<li style=\"text-align: justify;\">Produit de performance de coussin de choc exclusif inclus pour plus de confort et de long\u00e9vit\u00e9<\/li>\n<li style=\"text-align: justify;\">Tous les temps<\/li>\n<li style=\"text-align: justify;\">Fibres synth\u00e9tiques haute densit\u00e9 pour la long\u00e9vit\u00e9 et la performance de frappe de balle<\/li>\n<li style=\"text-align: justify;\">Accepte un tee de golf<\/li>\n<li style=\"text-align: justify;\">Taille et conceptions personnalis\u00e9es<\/li>\n<\/ul>\n<\/div>\n<p>[\/et_pb_text][\/et_pb_column][\/et_pb_row][\/et_pb_section][et_pb_section fb_built=\u00a0\u00bb1&Prime; _builder_version=\u00a0\u00bb4.27.4&Prime; _module_preset=\u00a0\u00bbdefault\u00a0\u00bb custom_padding=\u00a0\u00bb10px||2px|||\u00a0\u00bb global_colors_info=\u00a0\u00bb{}\u00a0\u00bb][et_pb_row _builder_version=\u00a0\u00bb4.27.4&Prime; _module_preset=\u00a0\u00bbdefault\u00a0\u00bb global_colors_info=\u00a0\u00bb{}\u00a0\u00bb custom_padding=\u00a0\u00bb4px|||||\u00a0\u00bb][et_pb_column type=\u00a0\u00bb4_4&Prime; _builder_version=\u00a0\u00bb4.27.4&Prime; _module_preset=\u00a0\u00bbdefault\u00a0\u00bb global_colors_info=\u00a0\u00bb{}\u00a0\u00bb][et_pb_gallery gallery_ids=\u00a0\u00bb1318,1319,1320,1321&Prime; fullwidth=\u00a0\u00bbon\u00a0\u00bb _builder_version=\u00a0\u00bb4.27.4&Prime; _module_preset=\u00a0\u00bbdefault\u00a0\u00bb auto=\u00a0\u00bbon\u00a0\u00bb hover_enabled=\u00a0\u00bb0&Prime; custom_css_free_form=\u00a0\u00bb\/* Affiche toujours les fl\u00e8ches *\/||.et_pb_slider .et-pb-arrow-prev,||.et_pb_slider .et-pb-arrow-next {||  display: block !important;||  opacity: 0.6 !important;||  color: white !important;||  background: rgba(255, 255, 255, 0.2) !important;||  transition: opacity 0.3s ease;||  top: 50% !important;||  transform: translateY(-50%);||}||||\/* Survol plus visible *\/||.et_pb_slider .et-pb-arrow-prev:hover,||.et_pb_slider .et-pb-arrow-next:hover {||  opacity: 1 !important;||  background: rgba(255, 255, 255, 0.4) !important;||}||||\/* Supprime les fl\u00e8ches trop basses *\/||.et_pb_slider .et-pb-arrow-prev {||  left: 20px;||}||||.et_pb_slider .et-pb-arrow-next {||  right: 20px;||}||\u00a0\u00bb global_colors_info=\u00a0\u00bb{}\u00a0\u00bb sticky_enabled=\u00a0\u00bb0&Prime;][\/et_pb_gallery][\/et_pb_column][\/et_pb_row][\/et_pb_section][et_pb_section fb_built=\u00a0\u00bb1&Prime; _builder_version=\u00a0\u00bb4.27.4&Prime; _module_preset=\u00a0\u00bbdefault\u00a0\u00bb custom_padding=\u00a0\u00bb4px||3px|||\u00a0\u00bb global_colors_info=\u00a0\u00bb{}\u00a0\u00bb][et_pb_row _builder_version=\u00a0\u00bb4.27.4&Prime; _module_preset=\u00a0\u00bbdefault\u00a0\u00bb global_colors_info=\u00a0\u00bb{}\u00a0\u00bb custom_padding=\u00a0\u00bb1px|||||\u00a0\u00bb][et_pb_column type=\u00a0\u00bb4_4&Prime; _builder_version=\u00a0\u00bb4.27.4&Prime; _module_preset=\u00a0\u00bbdefault\u00a0\u00bb global_colors_info=\u00a0\u00bb{}\u00a0\u00bb][et_pb_text _builder_version=\u00a0\u00bb4.27.4&Prime; _module_preset=\u00a0\u00bbdefault\u00a0\u00bb global_colors_info=\u00a0\u00bb{}\u00a0\u00bb]<\/p>\n<h2 style=\"text-align: center; color: #1e5631; letter-spacing: 2px; font-weight: bold;\">EN SAVOIR PLUS<\/h2>\n<hr style=\"width: 50px; border: 2px solid #1E5631; font-weight: bold; margin: auto;\" \/>[\/et_pb_text][et_pb_button button_url=\u00a0\u00bbhttps:\/\/greenmix.fr\/index.php\/contact\/\u00a0\u00bb button_text=\u00a0\u00bbCONTACTEZ-NOUS\u00a0\u00bb button_alignment=\u00a0\u00bbcenter\u00a0\u00bb _builder_version=\u00a0\u00bb4.27.4&Prime; _module_preset=\u00a0\u00bbdefault\u00a0\u00bb custom_button=\u00a0\u00bbon\u00a0\u00bb button_text_size=\u00a0\u00bb18px\u00a0\u00bb button_text_color=\u00a0\u00bb#1e5631&Prime; button_icon=\u00a0\u00bb&#x76;||divi||400&Prime; button_icon_color=\u00a0\u00bb#1e5631&Prime; button_icon_placement=\u00a0\u00bbleft\u00a0\u00bb button_on_hover=\u00a0\u00bboff\u00a0\u00bb global_colors_info=\u00a0\u00bb{}\u00a0\u00bb][\/et_pb_button][\/et_pb_column][\/et_pb_row][\/et_pb_section]<\/p>\n","protected":false},"excerpt":{"rendered":"<p>TEE SYSTEMS Les lignes de d\u00e9part en gazon naturel peuvent \u00eatre extr\u00eamement frustrantes lorsque vous essayez de maintenir l\u2019esth\u00e9tique et les performances tout au long de l\u2019ann\u00e9e. Southwest Greens offrira \u00e0 vos membres et invit\u00e9s une surface de jeu en gazon synth\u00e9tique sur laquelle ils pourront jouer toute l\u2019ann\u00e9e. Nos syst\u00e8mes d\u2019installation de lignes de [&hellip;]<\/p>\n","protected":false},"author":1,"featured_media":0,"parent":0,"menu_order":0,"comment_status":"closed","ping_status":"closed","template":"","meta":{"_et_pb_use_builder":"on","_et_pb_old_content":"","_et_gb_content_width":"","footnotes":""},"class_list":["post-1721","page","type-page","status-publish","hentry"],"_links":{"self":[{"href":"https:\/\/greenmix.fr\/index.php\/wp-json\/wp\/v2\/pages\/1721","targetHints":{"allow":["GET"]}}],"collection":[{"href":"https:\/\/greenmix.fr\/index.php\/wp-json\/wp\/v2\/pages"}],"about":[{"href":"https:\/\/greenmix.fr\/index.php\/wp-json\/wp\/v2\/types\/page"}],"author":[{"embeddable":true,"href":"https:\/\/greenmix.fr\/index.php\/wp-json\/wp\/v2\/users\/1"}],"replies":[{"embeddable":true,"href":"https:\/\/greenmix.fr\/index.php\/wp-json\/wp\/v2\/comments?post=1721"}],"version-history":[{"count":11,"href":"https:\/\/greenmix.fr\/index.php\/wp-json\/wp\/v2\/pages\/1721\/revisions"}],"predecessor-version":[{"id":1948,"href":"https:\/\/greenmix.fr\/index.php\/wp-json\/wp\/v2\/pages\/1721\/revisions\/1948"}],"wp:attachment":[{"href":"https:\/\/greenmix.fr\/index.php\/wp-json\/wp\/v2\/media?parent=1721"}],"curies":[{"name":"wp","href":"https:\/\/api.w.org\/{rel}","templated":true}]}}