{"id":1732,"date":"2025-05-15T20:38:26","date_gmt":"2025-05-15T18:38:26","guid":{"rendered":"https:\/\/greenmix.fr\/?page_id=1732"},"modified":"2025-08-07T15:34:20","modified_gmt":"2025-08-07T13:34:20","slug":"blaklader","status":"publish","type":"page","link":"https:\/\/greenmix.fr\/index.php\/blaklader\/","title":{"rendered":"Blaklader"},"content":{"rendered":"<p>[et_pb_section fb_built=\u00a0\u00bb1&Prime; _builder_version=\u00a0\u00bb4.27.4&Prime; _module_preset=\u00a0\u00bbdefault\u00a0\u00bb custom_padding=\u00a0\u00bb1px||25px|||\u00a0\u00bb global_colors_info=\u00a0\u00bb{}\u00a0\u00bb][et_pb_row _builder_version=\u00a0\u00bb4.27.4&Prime; _module_preset=\u00a0\u00bbdefault\u00a0\u00bb custom_padding=\u00a0\u00bb0px||0px|||\u00a0\u00bb hover_enabled=\u00a0\u00bb0&Prime; global_colors_info=\u00a0\u00bb{}\u00a0\u00bb width=\u00a0\u00bb100%\u00a0\u00bb max_width=\u00a0\u00bb100%\u00a0\u00bb sticky_enabled=\u00a0\u00bb0&Prime;][et_pb_column type=\u00a0\u00bb4_4&Prime; _builder_version=\u00a0\u00bb4.27.4&Prime; _module_preset=\u00a0\u00bbdefault\u00a0\u00bb global_colors_info=\u00a0\u00bb{}\u00a0\u00bb][et_pb_image src=\u00a0\u00bbhttp:\/\/greenmix.fr\/wp-content\/uploads\/2025\/05\/Capture-decran-2025-05-15-a-20.30.03-scaled.png\u00a0\u00bb alt=\u00a0\u00bbBlaklader\u00a0\u00bb title_text=\u00a0\u00bbBlaklader\u00a0\u00bb _builder_version=\u00a0\u00bb4.27.4&Prime; _module_preset=\u00a0\u00bbdefault\u00a0\u00bb background_image=\u00a0\u00bbhttp:\/\/greenmix.fr\/wp-content\/uploads\/2025\/04\/Capture-decran-2025-04-28-a-14.56.59-scaled.png\u00a0\u00bb global_colors_info=\u00a0\u00bb{}\u00a0\u00bb][\/et_pb_image][\/et_pb_column][\/et_pb_row][\/et_pb_section][et_pb_section fb_built=\u00a0\u00bb1&Prime; _builder_version=\u00a0\u00bb4.27.4&Prime; _module_preset=\u00a0\u00bbdefault\u00a0\u00bb custom_padding=\u00a0\u00bb4px||3px|||\u00a0\u00bb locked=\u00a0\u00bboff\u00a0\u00bb global_colors_info=\u00a0\u00bb{}\u00a0\u00bb][et_pb_row _builder_version=\u00a0\u00bb4.27.4&Prime; _module_preset=\u00a0\u00bbdefault\u00a0\u00bb custom_padding=\u00a0\u00bb3px||2px|||\u00a0\u00bb global_colors_info=\u00a0\u00bb{}\u00a0\u00bb][et_pb_column type=\u00a0\u00bb4_4&Prime; _builder_version=\u00a0\u00bb4.27.4&Prime; _module_preset=\u00a0\u00bbdefault\u00a0\u00bb global_colors_info=\u00a0\u00bb{}\u00a0\u00bb][et_pb_text _builder_version=\u00a0\u00bb4.27.4&Prime; _module_preset=\u00a0\u00bbdefault\u00a0\u00bb global_colors_info=\u00a0\u00bb{}\u00a0\u00bb]<\/p>\n<h2 style=\"text-align: center; color: #1e5631; letter-spacing: 2px; font-weight: bold;\">LA MARQUE EXPERTE EN V\u00caTEMENTS DE TRAVAIL DEPUIS 1959<br \/>\n<\/h2>\n<hr style=\"width: 50px; border: 2px solid #1E5631; font-weight: bold; margin: auto;\" \/>[\/et_pb_text][et_pb_text _builder_version=\u00a0\u00bb4.27.4&Prime; _module_preset=\u00a0\u00bbdefault\u00a0\u00bb custom_margin=\u00a0\u00bb-59px||-44px||false|false\u00a0\u00bb custom_padding=\u00a0\u00bb||0px||false|false\u00a0\u00bb hover_enabled=\u00a0\u00bb0&Prime; custom_css_free_form=\u00a0\u00bbp {||  font-family: &lsquo;Poppins&rsquo;, sans-serif;||  font-size: 16px;||  font-weight: 300; \/* plus l\u00e9ger *\/||  color: #5e5d6c;||  line-height: 1.7;||}||\u00a0\u00bb global_colors_info=\u00a0\u00bb{}\u00a0\u00bb sticky_enabled=\u00a0\u00bb0&Prime;]<\/p>\n<div class=\"container\">\n<div class=\"vc_row wpb_row vc_row-fluid bg-parallax-parent none\">\n<div class=\"vc_col-sm-12 wpb_column vc_column_container \">\n<div class=\"wpb_wrapper\">\n<div class=\"wpb_text_column wpb_content_element \">\n<div class=\"wpb_wrapper\">\n<p style=\"text-align: center; color: #1e5631; font-weight: 400; font-size: 1.1rem;\">Blaklader prot\u00e8ge les personnes qui travaillent dur et qui construisent les soci\u00e9t\u00e9s dans lesquelles nous vivons.<\/p>\n<\/div>\n<\/div>\n<\/div>\n<\/div>\n<\/div>\n<\/div>\n<div class=\"container\">\n<div class=\"vc_row wpb_row vc_row-fluid row-videos bg-parallax-parent none\">\n<div class=\"vc_col-sm-3 wpb_column vc_column_container \">\n<div class=\"wpb_wrapper\">\n<div class=\"wpb_text_column wpb_content_element \">\n<div class=\"wpb_wrapper\"><\/div>\n<\/div>\n<\/div>\n<\/div>\n<\/div>\n<\/div>\n<p>[\/et_pb_text][\/et_pb_column][\/et_pb_row][\/et_pb_section][et_pb_section fb_built=\u00a0\u00bb1&Prime; _builder_version=\u00a0\u00bb4.27.4&Prime; _module_preset=\u00a0\u00bbdefault\u00a0\u00bb custom_padding=\u00a0\u00bb3px||0px|||\u00a0\u00bb global_colors_info=\u00a0\u00bb{}\u00a0\u00bb][et_pb_row column_structure=\u00a0\u00bb1_2,1_2&Prime; _builder_version=\u00a0\u00bb4.27.4&Prime; _module_preset=\u00a0\u00bbdefault\u00a0\u00bb global_colors_info=\u00a0\u00bb{}\u00a0\u00bb custom_padding=\u00a0\u00bb0px||0px|||\u00a0\u00bb][et_pb_column type=\u00a0\u00bb1_2&Prime; _builder_version=\u00a0\u00bb4.27.4&Prime; _module_preset=\u00a0\u00bbdefault\u00a0\u00bb global_colors_info=\u00a0\u00bb{}\u00a0\u00bb][et_pb_text _builder_version=\u00a0\u00bb4.27.4&Prime; _module_preset=\u00a0\u00bbdefault\u00a0\u00bb custom_css_free_form=\u00a0\u00bb||||.ecobunker-colonne {||  font-family: &lsquo;Montserrat&rsquo;, sans-serif;||  font-size: 16px;||  line-height: 1.7;||  color: #6a6a6a;||}||||.ecobunker-colonne h3 {||  font-size: 20px;||  font-weight: 600;||  margin-bottom: 10px;||  color: #1e5631;||}||||.ecobunker-colonne strong.green {||  font-weight: 700;||  color: #1e5631;||}||||.ecobunker-colonne .link {||  color: #1e90ff;||  font-weight: 500;||}||||.lightbox {||  background-color: #f6f6f6;||  padding: 30px;||  border-radius: 8px;||}||\u00a0\u00bb global_colors_info=\u00a0\u00bb{}\u00a0\u00bb]<\/p>\n<div style=\"font-size: 16px; color: #777777; line-height: 1.8; text-align: justify;\">\n<p>C\u2019est pourquoi nous explorons toutes les possibilit\u00e9s pour que les porteurs de nos v\u00eatements se sentent fiers et en s\u00e9curit\u00e9 dans leur environnement de travail.<\/p>\n<p>Ce qui nous rend vraiment unique, c\u2019est notre capacit\u00e9 \u00e0 contr\u00f4ler l\u2019ensemble de la cha\u00eene de valeur : Du d\u00e9veloppement et de l\u2019approvisionnement des produits, \u00e0 la production, au marketing mondial, \u00e0 la logistique de haute technologie et \u00e0 la distribution par l\u2019interm\u00e9diaire de filiales \u00e0 travers le monde.<\/p>\n<p>Ensemble, nous continuerons \u00e0 construire une relation solide comme le roc.<\/p>\n<\/div>\n<p>[\/et_pb_text][\/et_pb_column][et_pb_column type=\u00a0\u00bb1_2&Prime; _builder_version=\u00a0\u00bb4.27.4&Prime; _module_preset=\u00a0\u00bbdefault\u00a0\u00bb global_colors_info=\u00a0\u00bb{}\u00a0\u00bb][et_pb_text _builder_version=\u00a0\u00bb4.27.4&Prime; _module_preset=\u00a0\u00bbdefault\u00a0\u00bb background_color=\u00a0\u00bbrgba(0,0,0,0.03)\u00a0\u00bb custom_css_free_form=\u00a0\u00bb.ecobunker-colonne {||  font-family: &lsquo;Montserrat&rsquo;, sans-serif;||  font-size: 16px;||  line-height: 1.7;||  color: #6a6a6a;||}||||.ecobunker-colonne h3 {||  font-size: 20px;||  font-weight: 600;||  margin-bottom: 10px;||  color: #1e5631;||}||||.ecobunker-colonne strong.green {||  font-weight: 700;||  color: #1e5631;||}||||.ecobunker-colonne .link {||  color: #1e90ff;||  font-weight: 500;||}||||.lightbox {||  background-color: #f6f6f6;||  padding: 30px;||  border-radius: 8px;||}||\u00a0\u00bb global_colors_info=\u00a0\u00bb{}\u00a0\u00bb]<\/p>\n<div style=\"background-color: #f5f5f5; padding: 30px; border-radius: 8px;\">\n<h4 style=\"color: #1b6239; font-size: 18px; margin-bottom: 15px;\">Une gamme compl\u00e8te<\/h4>\n<ul style=\"list-style-type: disc; padding-left: 20px; color: #555;\">\n<li>Chemises<\/li>\n<li>Combinaisons<\/li>\n<li>Gilets<\/li>\n<li>Pantalons<\/li>\n<li>Polos<\/li>\n<li>Salopettes<\/li>\n<li>Short<\/li>\n<li>Sous-v\u00eatements<\/li>\n<li>Sweats<\/li>\n<li>T-shirts<\/li>\n<li>Vestes<\/li>\n<\/ul>\n<\/div>\n<p>[\/et_pb_text][\/et_pb_column][\/et_pb_row][\/et_pb_section][et_pb_section fb_built=\u00a0\u00bb1&Prime; _builder_version=\u00a0\u00bb4.27.4&Prime; _module_preset=\u00a0\u00bbdefault\u00a0\u00bb custom_padding=\u00a0\u00bb10px||2px|||\u00a0\u00bb global_colors_info=\u00a0\u00bb{}\u00a0\u00bb][et_pb_row _builder_version=\u00a0\u00bb4.27.4&Prime; _module_preset=\u00a0\u00bbdefault\u00a0\u00bb global_colors_info=\u00a0\u00bb{}\u00a0\u00bb custom_padding=\u00a0\u00bb||2px|||\u00a0\u00bb][et_pb_column type=\u00a0\u00bb4_4&Prime; _builder_version=\u00a0\u00bb4.27.4&Prime; _module_preset=\u00a0\u00bbdefault\u00a0\u00bb global_colors_info=\u00a0\u00bb{}\u00a0\u00bb][et_pb_gallery gallery_ids=\u00a0\u00bb1327,1328,1329,1330&Prime; fullwidth=\u00a0\u00bbon\u00a0\u00bb _builder_version=\u00a0\u00bb4.27.4&Prime; _module_preset=\u00a0\u00bbdefault\u00a0\u00bb auto=\u00a0\u00bbon\u00a0\u00bb custom_css_free_form=\u00a0\u00bb\/* Affiche toujours les fl\u00e8ches *\/||.et_pb_slider .et-pb-arrow-prev,||.et_pb_slider .et-pb-arrow-next {||  display: block !important;||  opacity: 0.6 !important;||  color: white !important;||  background: rgba(255, 255, 255, 0.2) !important;||  transition: opacity 0.3s ease;||  top: 50% !important;||  transform: translateY(-50%);||}||||\/* Survol plus visible *\/||.et_pb_slider .et-pb-arrow-prev:hover,||.et_pb_slider .et-pb-arrow-next:hover {||  opacity: 1 !important;||  background: rgba(255, 255, 255, 0.4) !important;||}||||\/* Supprime les fl\u00e8ches trop basses *\/||.et_pb_slider .et-pb-arrow-prev {||  left: 20px;||}||||.et_pb_slider .et-pb-arrow-next {||  right: 20px;||}||\u00a0\u00bb global_colors_info=\u00a0\u00bb{}\u00a0\u00bb][\/et_pb_gallery][\/et_pb_column][\/et_pb_row][\/et_pb_section][et_pb_section fb_built=\u00a0\u00bb1&Prime; _builder_version=\u00a0\u00bb4.27.4&Prime; _module_preset=\u00a0\u00bbdefault\u00a0\u00bb custom_padding=\u00a0\u00bb4px||3px|||\u00a0\u00bb global_colors_info=\u00a0\u00bb{}\u00a0\u00bb][et_pb_row _builder_version=\u00a0\u00bb4.27.4&Prime; _module_preset=\u00a0\u00bbdefault\u00a0\u00bb global_colors_info=\u00a0\u00bb{}\u00a0\u00bb][et_pb_column type=\u00a0\u00bb4_4&Prime; _builder_version=\u00a0\u00bb4.27.4&Prime; _module_preset=\u00a0\u00bbdefault\u00a0\u00bb global_colors_info=\u00a0\u00bb{}\u00a0\u00bb][et_pb_text _builder_version=\u00a0\u00bb4.27.4&Prime; _module_preset=\u00a0\u00bbdefault\u00a0\u00bb global_colors_info=\u00a0\u00bb{}\u00a0\u00bb]<\/p>\n<h2 style=\"text-align: center; color: #1e5631; letter-spacing: 2px; font-weight: bold;\">EN SAVOIR PLUS<\/h2>\n<hr style=\"width: 50px; border: 2px solid #1E5631; font-weight: bold; margin: auto;\" \/>[\/et_pb_text][et_pb_button button_url=\u00a0\u00bbhttps:\/\/greenmix.fr\/index.php\/contact\/\u00a0\u00bb button_text=\u00a0\u00bbCONTACTEZ-NOUS\u00a0\u00bb button_alignment=\u00a0\u00bbcenter\u00a0\u00bb _builder_version=\u00a0\u00bb4.27.4&Prime; _module_preset=\u00a0\u00bbdefault\u00a0\u00bb custom_button=\u00a0\u00bbon\u00a0\u00bb button_text_size=\u00a0\u00bb18px\u00a0\u00bb button_text_color=\u00a0\u00bb#1e5631&Prime; button_icon=\u00a0\u00bb&#x76;||divi||400&Prime; button_icon_color=\u00a0\u00bb#1e5631&Prime; button_icon_placement=\u00a0\u00bbleft\u00a0\u00bb button_on_hover=\u00a0\u00bboff\u00a0\u00bb global_colors_info=\u00a0\u00bb{}\u00a0\u00bb][\/et_pb_button][\/et_pb_column][\/et_pb_row][\/et_pb_section]<\/p>\n","protected":false},"excerpt":{"rendered":"<p>LA MARQUE EXPERTE EN V\u00caTEMENTS DE TRAVAIL DEPUIS 1959 Blaklader prot\u00e8ge les personnes qui travaillent dur et qui construisent les soci\u00e9t\u00e9s dans lesquelles nous vivons. C\u2019est pourquoi nous explorons toutes les possibilit\u00e9s pour que les porteurs de nos v\u00eatements se sentent fiers et en s\u00e9curit\u00e9 dans leur environnement de travail. Ce qui nous rend vraiment [&hellip;]<\/p>\n","protected":false},"author":1,"featured_media":0,"parent":0,"menu_order":0,"comment_status":"closed","ping_status":"closed","template":"","meta":{"_et_pb_use_builder":"on","_et_pb_old_content":"","_et_gb_content_width":"","footnotes":""},"class_list":["post-1732","page","type-page","status-publish","hentry"],"_links":{"self":[{"href":"https:\/\/greenmix.fr\/index.php\/wp-json\/wp\/v2\/pages\/1732","targetHints":{"allow":["GET"]}}],"collection":[{"href":"https:\/\/greenmix.fr\/index.php\/wp-json\/wp\/v2\/pages"}],"about":[{"href":"https:\/\/greenmix.fr\/index.php\/wp-json\/wp\/v2\/types\/page"}],"author":[{"embeddable":true,"href":"https:\/\/greenmix.fr\/index.php\/wp-json\/wp\/v2\/users\/1"}],"replies":[{"embeddable":true,"href":"https:\/\/greenmix.fr\/index.php\/wp-json\/wp\/v2\/comments?post=1732"}],"version-history":[{"count":8,"href":"https:\/\/greenmix.fr\/index.php\/wp-json\/wp\/v2\/pages\/1732\/revisions"}],"predecessor-version":[{"id":1949,"href":"https:\/\/greenmix.fr\/index.php\/wp-json\/wp\/v2\/pages\/1732\/revisions\/1949"}],"wp:attachment":[{"href":"https:\/\/greenmix.fr\/index.php\/wp-json\/wp\/v2\/media?parent=1732"}],"curies":[{"name":"wp","href":"https:\/\/api.w.org\/{rel}","templated":true}]}}